{"id":180,"date":"2021-04-27T18:44:06","date_gmt":"2021-04-27T16:44:06","guid":{"rendered":"https:\/\/property-development.ch\/?page_id=180"},"modified":"2025-10-02T13:21:20","modified_gmt":"2025-10-02T11:21:20","slug":"kontakt","status":"publish","type":"page","link":"https:\/\/property-development.ch\/en\/kontakt\/","title":{"rendered":"Kontakt"},"content":{"rendered":"<p>[et_pb_section fb_built=&#8220;1&#8243; admin_label=&#8220;Footer&#8220; _builder_version=&#8220;4.16&#8243; use_background_color_gradient=&#8220;on&#8220; background_color_gradient_stops=&#8220;rgba(24,37,53,0.73) 0%|rgba(0,0,0,0.6) 100%&#8220; background_color_gradient_overlays_image=&#8220;on&#8220; background_color_gradient_start=&#8220;rgba(24,37,53,0.73)&#8220; background_color_gradient_end=&#8220;rgba(0,0,0,0.6)&#8220; background_image=&#8220;https:\/\/property-development.ch\/wp-content\/uploads\/2021\/04\/Design-ohne-Titel-10.jpg&#8220; custom_padding=&#8220;90px|0px|90px|0px|false|false&#8220; global_colors_info=&#8220;{}&#8220;][et_pb_row _builder_version=&#8220;4.16&#8243; max_width=&#8220;700px&#8220; use_custom_width=&#8220;on&#8220; custom_width_px=&#8220;700px&#8220; locked=&#8220;off&#8220; global_colors_info=&#8220;{}&#8220;][et_pb_column type=&#8220;4_4&#8243; _builder_version=&#8220;4.16&#8243; custom_padding=&#8220;|||&#8220; global_colors_info=&#8220;{}&#8220; custom_padding__hover=&#8220;|||&#8220;][et_pb_text _builder_version=&#8220;4.16&#8243; text_font=&#8220;||||||||&#8220; header_font=&#8220;Noto Serif|700|||||||&#8220; header_text_color=&#8220;#ffffff&#8220; header_font_size=&#8220;48px&#8220; header_line_height=&#8220;1.5em&#8220; header_3_font=&#8220;Rubik|500||on|||||&#8220; header_3_text_color=&#8220;#098cf2&#8243; header_3_font_size=&#8220;14px&#8220; header_3_letter_spacing=&#8220;2px&#8220; header_3_line_height=&#8220;2em&#8220; text_orientation=&#8220;center&#8220; background_layout=&#8220;dark&#8220; custom_margin=&#8220;25px||||false|false&#8220; header_font_size_tablet=&#8220;38px&#8220; header_font_size_phone=&#8220;28px&#8220; header_font_size_last_edited=&#8220;on|phone&#8220; global_colors_info=&#8220;{}&#8220;]<\/p>\n<h3><\/h3>\n<h1>Contact us!<\/h1>\n<p>[\/et_pb_text][et_pb_divider color=&#8220;#976B27&#8243; divider_weight=&#8220;4px&#8220; _builder_version=&#8220;4.16&#8243; max_width=&#8220;140px&#8220; module_alignment=&#8220;center&#8220; height=&#8220;4px&#8220; global_colors_info=&#8220;{}&#8220;][\/et_pb_divider][et_pb_text _builder_version=&#8220;4.16&#8243; text_font=&#8220;Noto Serif||||||||&#8220; text_text_color=&#8220;#ffffff&#8220; text_font_size=&#8220;16px&#8220; text_line_height=&#8220;2em&#8220; text_orientation=&#8220;center&#8220; background_layout=&#8220;dark&#8220; custom_margin=&#8220;60px||60px||true&#8220; global_colors_info=&#8220;{}&#8220;]<\/p>\n<p>We regularly maintain our contacts with recognized property developers, architects and experts, as well as lawyers, notaries, bank specialists, so that we can offer you the best possible deal.<\/p>\n<p>Our team consists of experienced experts. This allows us to provide you with professional advice. We accompany you in real estate purchase &amp; sale and are at your side. We are looking forward to your contact request.<\/p>\n<p>[\/et_pb_text][\/et_pb_column][\/et_pb_row][\/et_pb_section][et_pb_section fb_built=&#8220;1&#8243; admin_label=&#8220;Contact Info&#8220; _builder_version=&#8220;4.16&#8243; locked=&#8220;off&#8220; global_colors_info=&#8220;{}&#8220;][et_pb_row column_structure=&#8220;1_3,1_3,1_3&#8243; _builder_version=&#8220;4.16&#8243; background_color=&#8220;#ffffff&#8220; max_width=&#8220;1280px&#8220; custom_margin=&#8220;|||&#8220; custom_padding=&#8220;60px|40px|60px|40px|true|true&#8220; animation_style=&#8220;zoom&#8220; animation_intensity_zoom=&#8220;20%&#8220; border_width_all=&#8220;3px&#8220; border_color_all=&#8220;#eff5f7&#8243; box_shadow_style=&#8220;preset3&#8243; box_shadow_vertical=&#8220;40px&#8220; box_shadow_blur=&#8220;60px&#8220; box_shadow_spread=&#8220;-10px&#8220; box_shadow_color=&#8220;rgba(0,0,0,0.03)&#8220; use_custom_width=&#8220;on&#8220; custom_width_px=&#8220;1280px&#8220; global_colors_info=&#8220;{}&#8220;][et_pb_column type=&#8220;1_3&#8243; _builder_version=&#8220;4.16&#8243; custom_padding=&#8220;|||&#8220; global_colors_info=&#8220;{}&#8220; custom_padding__hover=&#8220;|||&#8220;][et_pb_blurb title=&#8220;Deutschland&#8220; image=&#8220;https:\/\/property-development.ch\/wp-content\/uploads\/2021\/04\/1-3.png&#8220; alt=&#8220;icon_property_development&#8220; icon_placement=&#8220;left&#8220; image_icon_width=&#8220;80px&#8220; content_max_width=&#8220;1100px&#8220; image_icon_width_tablet=&#8220;60px&#8220; image_icon_width_last_edited=&#8220;on|tablet&#8220; _builder_version=&#8220;4.27.4&#8243; header_font=&#8220;Noto Serif|700||on|||||&#8220; header_text_color=&#8220;#aebcc3&#8243; header_font_size=&#8220;18px&#8220; header_letter_spacing=&#8220;2px&#8220; header_line_height=&#8220;2em&#8220; body_font=&#8220;Oswald|500|||||||&#8220; body_text_color=&#8220;#182535&#8243; body_font_size=&#8220;20px&#8220; hover_enabled=&#8220;0&#8243; body_font_size_tablet=&#8220;12px&#8220; body_font_size_phone=&#8220;&#8220; body_font_size_last_edited=&#8220;on|tablet&#8220; image_max_width=&#8220;80px&#8220; image_max_width_tablet=&#8220;60px&#8220; image_max_width_phone=&#8220;&#8220; image_max_width_last_edited=&#8220;on|tablet&#8220; locked=&#8220;off&#8220; global_colors_info=&#8220;{}&#8220; sticky_enabled=&#8220;0&#8243; image_icon_width_phone=&#8220;60px&#8220;]<\/p>\n<p>+49 1511 410 5883<\/p>\n<p>[\/et_pb_blurb][\/et_pb_column][et_pb_column type=&#8220;1_3&#8243; _builder_version=&#8220;4.16&#8243; custom_padding=&#8220;|||&#8220; global_colors_info=&#8220;{}&#8220; custom_padding__hover=&#8220;|||&#8220;][et_pb_blurb title=&#8220;Schweiz&#8220; image=&#8220;https:\/\/property-development.ch\/wp-content\/uploads\/2021\/04\/1-3.png&#8220; alt=&#8220;icon_property_development&#8220; icon_placement=&#8220;left&#8220; image_icon_width=&#8220;80px&#8220; content_max_width=&#8220;1100px&#8220; image_icon_width_tablet=&#8220;60px&#8220; image_icon_width_last_edited=&#8220;on|tablet&#8220; _builder_version=&#8220;4.27.4&#8243; header_font=&#8220;Noto Serif|700||on|||||&#8220; header_text_color=&#8220;#aebcc3&#8243; header_font_size=&#8220;18px&#8220; header_letter_spacing=&#8220;2px&#8220; header_line_height=&#8220;2em&#8220; body_font=&#8220;Oswald|500|||||||&#8220; body_text_color=&#8220;#182535&#8243; body_font_size=&#8220;20px&#8220; hover_enabled=&#8220;0&#8243; body_font_size_tablet=&#8220;12px&#8220; body_font_size_phone=&#8220;&#8220; body_font_size_last_edited=&#8220;on|tablet&#8220; image_max_width=&#8220;80px&#8220; image_max_width_tablet=&#8220;60px&#8220; image_max_width_phone=&#8220;&#8220; image_max_width_last_edited=&#8220;on|tablet&#8220; locked=&#8220;off&#8220; global_colors_info=&#8220;{}&#8220; sticky_enabled=&#8220;0&#8243; image_icon_width_phone=&#8220;60px&#8220;]<\/p>\n<p>+41 76 680 2238<\/p>\n<p>[\/et_pb_blurb][\/et_pb_column][et_pb_column type=&#8220;1_3&#8243; _builder_version=&#8220;4.16&#8243; custom_padding=&#8220;|||&#8220; global_colors_info=&#8220;{}&#8220; custom_padding__hover=&#8220;|||&#8220;][et_pb_blurb title=&#8220;E-MAIL&#8220; image=&#8220;https:\/\/property-development.ch\/wp-content\/uploads\/2021\/04\/2-2.png&#8220; alt=&#8220;icon_property_development&#8220; icon_placement=&#8220;left&#8220; image_icon_width=&#8220;80px&#8220; content_max_width=&#8220;1100px&#8220; image_icon_width_tablet=&#8220;60px&#8220; image_icon_width_last_edited=&#8220;on|tablet&#8220; _builder_version=&#8220;4.16&#8243; header_font=&#8220;Noto Serif|700||on|||||&#8220; header_text_color=&#8220;#aebcc3&#8243; header_font_size=&#8220;18px&#8220; header_letter_spacing=&#8220;2px&#8220; header_line_height=&#8220;2em&#8220; body_font=&#8220;Oswald|500|||||||&#8220; body_text_color=&#8220;#182535&#8243; body_font_size=&#8220;20px&#8220; body_font_size_tablet=&#8220;12px&#8220; body_font_size_phone=&#8220;&#8220; body_font_size_last_edited=&#8220;on|tablet&#8220; image_max_width=&#8220;80px&#8220; image_max_width_tablet=&#8220;60px&#8220; image_max_width_phone=&#8220;&#8220; image_max_width_last_edited=&#8220;on|tablet&#8220; locked=&#8220;off&#8220; global_colors_info=&#8220;{}&#8220; image_icon_width_phone=&#8220;60px&#8220;]<\/p>\n<p>office@property-development.ch<\/p>\n<p>[\/et_pb_blurb][\/et_pb_column][\/et_pb_row][\/et_pb_section][et_pb_section fb_built=&#8220;1&#8243; admin_label=&#8220;Contact Form&#8220; _builder_version=&#8220;4.16&#8243; global_colors_info=&#8220;{}&#8220;][et_pb_row _builder_version=&#8220;4.16&#8243; background_color=&#8220;#182535&#8243; custom_padding=&#8220;80px|40px||40px|false|true&#8220; locked=&#8220;off&#8220; global_colors_info=&#8220;{}&#8220;][et_pb_column type=&#8220;4_4&#8243; _builder_version=&#8220;4.16&#8243; custom_padding=&#8220;|||&#8220; global_colors_info=&#8220;{}&#8220; custom_padding__hover=&#8220;|||&#8220;][et_pb_text _builder_version=&#8220;4.16&#8243; text_font=&#8220;||||||||&#8220; text_font_size=&#8220;15px&#8220; text_line_height=&#8220;2em&#8220; header_font=&#8220;||||||||&#8220; header_2_font=&#8220;Noto Serif|700|||||||&#8220; header_2_text_color=&#8220;#976B27&#8243; header_2_font_size=&#8220;42px&#8220; header_2_line_height=&#8220;1.5em&#8220; header_3_font=&#8220;Rubik|500||on|||||&#8220; header_3_text_color=&#8220;#098cf2&#8243; header_3_font_size=&#8220;14px&#8220; header_3_letter_spacing=&#8220;2px&#8220; header_3_line_height=&#8220;2em&#8220; max_width=&#8220;700px&#8220; custom_margin_tablet=&#8220;0px|||&#8220; text_font_size_tablet=&#8220;&#8220; text_font_size_phone=&#8220;14px&#8220; text_font_size_last_edited=&#8220;on|phone&#8220; header_2_font_size_tablet=&#8220;32px&#8220; header_2_font_size_phone=&#8220;22px&#8220; header_2_font_size_last_edited=&#8220;on|phone&#8220; locked=&#8220;off&#8220; global_colors_info=&#8220;{}&#8220;]<\/p>\n<h3><\/h3>\n<h2>Send us an email<\/h2>\n<p>[\/et_pb_text][et_pb_contact_form captcha=&#8220;off&#8220; email=&#8220;office@property-development.ch&#8220; custom_message=&#8220;Du hast eine Nachricht von der Webseite Property-Development erhalten.||et_pb_line_break_holder||%%Name%%||et_pb_line_break_holder||%%Email%%||et_pb_line_break_holder||%%Phone%%||et_pb_line_break_holder||%%Message%%&#8220; success_message=&#8220;Herzlichen Dank f\u00fcr Ihre Nachricht. Wir werden uns umgehend mit Ihnen in Verbindung setzen.&#8220; submit_button_text=&#8220;SENDEN&#8220; module_id=&#8220;et_pb_contact_form_0&#8243; _builder_version=&#8220;4.16&#8243; _unique_id=&#8220;2932ca97-d6af-498f-9645-6aa09276f1d3&#8243; form_field_background_color=&#8220;#ffffff&#8220; form_field_font=&#8220;||||||||&#8220; form_field_font_size=&#8220;14px&#8220; custom_button=&#8220;on&#8220; button_text_size=&#8220;12px&#8220; button_text_color=&#8220;#ffffff&#8220; button_bg_color=&#8220;#976B27&#8243; button_border_width=&#8220;14px&#8220; button_border_color=&#8220;rgba(0,0,0,0)&#8220; button_border_radius=&#8220;0px&#8220; button_letter_spacing=&#8220;2px&#8220; button_font=&#8220;Noto Serif|700||on|||||&#8220; button_use_icon=&#8220;off&#8220; custom_padding=&#8220;|||&#8220; border_width_all=&#8220;2px&#8220; border_color_all=&#8220;#dee9ee&#8220; box_shadow_style_button=&#8220;preset1&#8243; box_shadow_color_button=&#8220;rgba(239,59,36,0.1)&#8220; form_background_color=&#8220;#ffffff&#8220; global_colors_info=&#8220;{}&#8220;][et_pb_contact_field field_id=&#8220;Name&#8220; field_title=&#8220;Ihr Name&#8220; _builder_version=&#8220;4.16&#8243; global_colors_info=&#8220;{}&#8220; button_text_size__hover_enabled=&#8220;off&#8220; button_one_text_size__hover_enabled=&#8220;off&#8220; button_two_text_size__hover_enabled=&#8220;off&#8220; button_text_color__hover_enabled=&#8220;off&#8220; button_one_text_color__hover_enabled=&#8220;off&#8220; button_two_text_color__hover_enabled=&#8220;off&#8220; button_border_width__hover_enabled=&#8220;off&#8220; button_one_border_width__hover_enabled=&#8220;off&#8220; button_two_border_width__hover_enabled=&#8220;off&#8220; button_border_color__hover_enabled=&#8220;off&#8220; button_one_border_color__hover_enabled=&#8220;off&#8220; button_two_border_color__hover_enabled=&#8220;off&#8220; button_border_radius__hover_enabled=&#8220;off&#8220; button_one_border_radius__hover_enabled=&#8220;off&#8220; button_two_border_radius__hover_enabled=&#8220;off&#8220; button_letter_spacing__hover_enabled=&#8220;off&#8220; button_one_letter_spacing__hover_enabled=&#8220;off&#8220; button_two_letter_spacing__hover_enabled=&#8220;off&#8220; button_bg_color__hover_enabled=&#8220;off&#8220; button_one_bg_color__hover_enabled=&#8220;off&#8220; button_two_bg_color__hover_enabled=&#8220;off&#8220;][\/et_pb_contact_field][et_pb_contact_field field_id=&#8220;Email&#8220; field_title=&#8220;Ihre E-Mail&#8220; field_type=&#8220;email&#8220; _builder_version=&#8220;4.16&#8243; global_colors_info=&#8220;{}&#8220; button_text_size__hover_enabled=&#8220;off&#8220; button_one_text_size__hover_enabled=&#8220;off&#8220; button_two_text_size__hover_enabled=&#8220;off&#8220; button_text_color__hover_enabled=&#8220;off&#8220; button_one_text_color__hover_enabled=&#8220;off&#8220; button_two_text_color__hover_enabled=&#8220;off&#8220; button_border_width__hover_enabled=&#8220;off&#8220; button_one_border_width__hover_enabled=&#8220;off&#8220; button_two_border_width__hover_enabled=&#8220;off&#8220; button_border_color__hover_enabled=&#8220;off&#8220; button_one_border_color__hover_enabled=&#8220;off&#8220; button_two_border_color__hover_enabled=&#8220;off&#8220; button_border_radius__hover_enabled=&#8220;off&#8220; button_one_border_radius__hover_enabled=&#8220;off&#8220; button_two_border_radius__hover_enabled=&#8220;off&#8220; button_letter_spacing__hover_enabled=&#8220;off&#8220; button_one_letter_spacing__hover_enabled=&#8220;off&#8220; button_two_letter_spacing__hover_enabled=&#8220;off&#8220; button_bg_color__hover_enabled=&#8220;off&#8220; button_one_bg_color__hover_enabled=&#8220;off&#8220; button_two_bg_color__hover_enabled=&#8220;off&#8220;][\/et_pb_contact_field][et_pb_contact_field field_id=&#8220;Phone&#8220; field_title=&#8220;Ihre Telefonnummer&#8220; fullwidth_field=&#8220;on&#8220; _builder_version=&#8220;4.16&#8243; _module_preset=&#8220;default&#8220; global_colors_info=&#8220;{}&#8220;][\/et_pb_contact_field][et_pb_contact_field field_id=&#8220;Message&#8220; field_title=&#8220;Ihre Nachricht&#8220; field_type=&#8220;text&#8220; fullwidth_field=&#8220;on&#8220; _builder_version=&#8220;4.16&#8243; global_colors_info=&#8220;{}&#8220; button_text_size__hover_enabled=&#8220;off&#8220; button_one_text_size__hover_enabled=&#8220;off&#8220; button_two_text_size__hover_enabled=&#8220;off&#8220; button_text_color__hover_enabled=&#8220;off&#8220; button_one_text_color__hover_enabled=&#8220;off&#8220; button_two_text_color__hover_enabled=&#8220;off&#8220; button_border_width__hover_enabled=&#8220;off&#8220; button_one_border_width__hover_enabled=&#8220;off&#8220; button_two_border_width__hover_enabled=&#8220;off&#8220; button_border_color__hover_enabled=&#8220;off&#8220; button_one_border_color__hover_enabled=&#8220;off&#8220; button_two_border_color__hover_enabled=&#8220;off&#8220; button_border_radius__hover_enabled=&#8220;off&#8220; button_one_border_radius__hover_enabled=&#8220;off&#8220; button_two_border_radius__hover_enabled=&#8220;off&#8220; button_letter_spacing__hover_enabled=&#8220;off&#8220; button_one_letter_spacing__hover_enabled=&#8220;off&#8220; button_two_letter_spacing__hover_enabled=&#8220;off&#8220; button_bg_color__hover_enabled=&#8220;off&#8220; button_one_bg_color__hover_enabled=&#8220;off&#8220; button_two_bg_color__hover_enabled=&#8220;off&#8220;][\/et_pb_contact_field][et_pb_contact_field field_id=&#8220;Auswahlfeld&#8220; field_title=&#8220;Bitte best\u00e4tigen!&#8220; field_type=&#8220;checkbox&#8220; checkbox_options=&#8220;%91{%22value%22:%22Ich akzeptiere die Datenschutzerkl\u00e4rung. %22,%22checked%22:0,%22dragID%22:-1,%22link_url%22:%22https:\/\/property-development.ch\/datenschutzerklaerung\/%22,%22link_text%22:%22Zur Datenschutzerkl\u00e4rung.%22}%93&#8243; fullwidth_field=&#8220;on&#8220; _builder_version=&#8220;4.16&#8243; _module_preset=&#8220;default&#8220; link_option_url=&#8220;https:\/\/property-development.ch\/datenschutzerklaerung\/&#8220; link_option_url_new_window=&#8220;on&#8220; global_colors_info=&#8220;{}&#8220;][\/et_pb_contact_field][\/et_pb_contact_form][\/et_pb_column][\/et_pb_row][\/et_pb_section]<\/p>","protected":false},"excerpt":{"rendered":"<p>Kontaktieren Sie uns!Wir pflegen regelm\u00e4\u00dfig unsere Kontakte zu anerkannten Bautr\u00e4gern, Architekten und Sachverst\u00e4ndigen sowie Anw\u00e4lten, Notaren, Bankspezialisten, damit wir Ihnen das optimale Angebot anbieten k\u00f6nnen. Unser Team besteht aus erfahrenen Experten. Dadurch k\u00f6nnen wir Ihnen eine professionelle Beratung gew\u00e4hrleisten. Wir begleiten Sie bei Immobilienkauf &amp; Immobilienverkauf und stehen Ihnen zur Seite. Wir freuen uns auf [&hellip;]<\/p>","protected":false},"author":2,"featured_media":586,"parent":0,"menu_order":0,"comment_status":"closed","ping_status":"closed","template":"","meta":{"_et_pb_use_builder":"on","_et_pb_old_content":"","_et_gb_content_width":"","footnotes":""},"class_list":["post-180","page","type-page","status-publish","has-post-thumbnail","hentry"],"yoast_head":"<!-- This site is optimized with the Yoast SEO plugin v25.8 - https:\/\/yoast.com\/wordpress\/plugins\/seo\/ -->\n<title>Immobilienkauf &amp; Immobilienverkauf auf Mallorca und in der Schweiz<\/title>\n<meta name=\"description\" content=\"Ihre Kontaktadresse f\u00fcr ausgew\u00e4hlte Immobilien auf Mallorca und in der Schweiz f\u00fcr Verkauf, Entwicklung, Beratung und Finanzierung.\" \/>\n<meta name=\"robots\" content=\"index, follow, max-snippet:-1, max-image-preview:large, max-video-preview:-1\" \/>\n<link rel=\"canonical\" href=\"https:\/\/property-development.ch\/en\/kontakt\/\" \/>\n<meta property=\"og:locale\" content=\"en_GB\" \/>\n<meta property=\"og:type\" content=\"article\" \/>\n<meta property=\"og:title\" content=\"Immobilienkauf &amp; Immobilienverkauf auf Mallorca und in der Schweiz\" \/>\n<meta property=\"og:description\" content=\"Ihre Kontaktadresse f\u00fcr ausgew\u00e4hlte Immobilien auf Mallorca und in der Schweiz f\u00fcr Verkauf, Entwicklung, Beratung und Finanzierung.\" \/>\n<meta property=\"og:url\" content=\"https:\/\/property-development.ch\/en\/kontakt\/\" \/>\n<meta property=\"og:site_name\" content=\"Property Development\" \/>\n<meta property=\"article:modified_time\" content=\"2025-10-02T11:21:20+00:00\" \/>\n<meta property=\"og:image\" content=\"https:\/\/property-development.ch\/wp-content\/uploads\/2021\/05\/Link-Bild-2370x1320-px-1.jpg\" \/>\n\t<meta property=\"og:image:width\" content=\"2370\" \/>\n\t<meta property=\"og:image:height\" content=\"1320\" \/>\n\t<meta property=\"og:image:type\" content=\"image\/jpeg\" \/>\n<meta name=\"twitter:card\" content=\"summary_large_image\" \/>\n<meta name=\"twitter:label1\" content=\"Estimated reading time\" \/>\n\t<meta name=\"twitter:data1\" content=\"3 minutes\" \/>\n<script type=\"application\/ld+json\" class=\"yoast-schema-graph\">{\"@context\":\"https:\/\/schema.org\",\"@graph\":[{\"@type\":\"WebPage\",\"@id\":\"https:\/\/property-development.ch\/kontakt\/\",\"url\":\"https:\/\/property-development.ch\/kontakt\/\",\"name\":\"Immobilienkauf & Immobilienverkauf auf Mallorca und in der Schweiz\",\"isPartOf\":{\"@id\":\"https:\/\/property-development.ch\/#website\"},\"primaryImageOfPage\":{\"@id\":\"https:\/\/property-development.ch\/kontakt\/#primaryimage\"},\"image\":{\"@id\":\"https:\/\/property-development.ch\/kontakt\/#primaryimage\"},\"thumbnailUrl\":\"https:\/\/property-development.ch\/wp-content\/uploads\/2021\/05\/Link-Bild-2370x1320-px-1.jpg\",\"datePublished\":\"2021-04-27T16:44:06+00:00\",\"dateModified\":\"2025-10-02T11:21:20+00:00\",\"description\":\"Ihre Kontaktadresse f\u00fcr ausgew\u00e4hlte Immobilien auf Mallorca und in der Schweiz f\u00fcr Verkauf, Entwicklung, Beratung und Finanzierung.\",\"breadcrumb\":{\"@id\":\"https:\/\/property-development.ch\/kontakt\/#breadcrumb\"},\"inLanguage\":\"en-GB\",\"potentialAction\":[{\"@type\":\"ReadAction\",\"target\":[\"https:\/\/property-development.ch\/kontakt\/\"]}]},{\"@type\":\"ImageObject\",\"inLanguage\":\"en-GB\",\"@id\":\"https:\/\/property-development.ch\/kontakt\/#primaryimage\",\"url\":\"https:\/\/property-development.ch\/wp-content\/uploads\/2021\/05\/Link-Bild-2370x1320-px-1.jpg\",\"contentUrl\":\"https:\/\/property-development.ch\/wp-content\/uploads\/2021\/05\/Link-Bild-2370x1320-px-1.jpg\",\"width\":2370,\"height\":1320,\"caption\":\"property_development_mallorca\"},{\"@type\":\"BreadcrumbList\",\"@id\":\"https:\/\/property-development.ch\/kontakt\/#breadcrumb\",\"itemListElement\":[{\"@type\":\"ListItem\",\"position\":1,\"name\":\"Startseite\",\"item\":\"https:\/\/property-development.ch\/\"},{\"@type\":\"ListItem\",\"position\":2,\"name\":\"Kontakt\"}]},{\"@type\":\"WebSite\",\"@id\":\"https:\/\/property-development.ch\/#website\",\"url\":\"https:\/\/property-development.ch\/\",\"name\":\"Property Development\",\"description\":\"Hochwertige Immobilien auf Mallorca und in der Schweiz\",\"publisher\":{\"@id\":\"https:\/\/property-development.ch\/#organization\"},\"potentialAction\":[{\"@type\":\"SearchAction\",\"target\":{\"@type\":\"EntryPoint\",\"urlTemplate\":\"https:\/\/property-development.ch\/?s={search_term_string}\"},\"query-input\":{\"@type\":\"PropertyValueSpecification\",\"valueRequired\":true,\"valueName\":\"search_term_string\"}}],\"inLanguage\":\"en-GB\"},{\"@type\":\"Organization\",\"@id\":\"https:\/\/property-development.ch\/#organization\",\"name\":\"Property Development\",\"url\":\"https:\/\/property-development.ch\/\",\"logo\":{\"@type\":\"ImageObject\",\"inLanguage\":\"en-GB\",\"@id\":\"https:\/\/property-development.ch\/#\/schema\/logo\/image\/\",\"url\":\"https:\/\/property-development.ch\/wp-content\/uploads\/2021\/04\/Logo-Property-Development-jpg.jpg\",\"contentUrl\":\"https:\/\/property-development.ch\/wp-content\/uploads\/2021\/04\/Logo-Property-Development-jpg.jpg\",\"width\":1080,\"height\":1080,\"caption\":\"Property Development\"},\"image\":{\"@id\":\"https:\/\/property-development.ch\/#\/schema\/logo\/image\/\"}}]}<\/script>\n<!-- \/ Yoast SEO plugin. -->","yoast_head_json":{"title":"Immobilienkauf & Immobilienverkauf auf Mallorca und in der Schweiz","description":"Ihre Kontaktadresse f\u00fcr ausgew\u00e4hlte Immobilien auf Mallorca und in der Schweiz f\u00fcr Verkauf, Entwicklung, Beratung und Finanzierung.","robots":{"index":"index","follow":"follow","max-snippet":"max-snippet:-1","max-image-preview":"max-image-preview:large","max-video-preview":"max-video-preview:-1"},"canonical":"https:\/\/property-development.ch\/en\/kontakt\/","og_locale":"en_GB","og_type":"article","og_title":"Immobilienkauf & Immobilienverkauf auf Mallorca und in der Schweiz","og_description":"Ihre Kontaktadresse f\u00fcr ausgew\u00e4hlte Immobilien auf Mallorca und in der Schweiz f\u00fcr Verkauf, Entwicklung, Beratung und Finanzierung.","og_url":"https:\/\/property-development.ch\/en\/kontakt\/","og_site_name":"Property Development","article_modified_time":"2025-10-02T11:21:20+00:00","og_image":[{"width":2370,"height":1320,"url":"https:\/\/property-development.ch\/wp-content\/uploads\/2021\/05\/Link-Bild-2370x1320-px-1.jpg","type":"image\/jpeg"}],"twitter_card":"summary_large_image","twitter_misc":{"Estimated reading time":"3 minutes"},"schema":{"@context":"https:\/\/schema.org","@graph":[{"@type":"WebPage","@id":"https:\/\/property-development.ch\/kontakt\/","url":"https:\/\/property-development.ch\/kontakt\/","name":"Immobilienkauf & Immobilienverkauf auf Mallorca und in der Schweiz","isPartOf":{"@id":"https:\/\/property-development.ch\/#website"},"primaryImageOfPage":{"@id":"https:\/\/property-development.ch\/kontakt\/#primaryimage"},"image":{"@id":"https:\/\/property-development.ch\/kontakt\/#primaryimage"},"thumbnailUrl":"https:\/\/property-development.ch\/wp-content\/uploads\/2021\/05\/Link-Bild-2370x1320-px-1.jpg","datePublished":"2021-04-27T16:44:06+00:00","dateModified":"2025-10-02T11:21:20+00:00","description":"Ihre Kontaktadresse f\u00fcr ausgew\u00e4hlte Immobilien auf Mallorca und in der Schweiz f\u00fcr Verkauf, Entwicklung, Beratung und Finanzierung.","breadcrumb":{"@id":"https:\/\/property-development.ch\/kontakt\/#breadcrumb"},"inLanguage":"en-GB","potentialAction":[{"@type":"ReadAction","target":["https:\/\/property-development.ch\/kontakt\/"]}]},{"@type":"ImageObject","inLanguage":"en-GB","@id":"https:\/\/property-development.ch\/kontakt\/#primaryimage","url":"https:\/\/property-development.ch\/wp-content\/uploads\/2021\/05\/Link-Bild-2370x1320-px-1.jpg","contentUrl":"https:\/\/property-development.ch\/wp-content\/uploads\/2021\/05\/Link-Bild-2370x1320-px-1.jpg","width":2370,"height":1320,"caption":"property_development_mallorca"},{"@type":"BreadcrumbList","@id":"https:\/\/property-development.ch\/kontakt\/#breadcrumb","itemListElement":[{"@type":"ListItem","position":1,"name":"Startseite","item":"https:\/\/property-development.ch\/"},{"@type":"ListItem","position":2,"name":"Kontakt"}]},{"@type":"WebSite","@id":"https:\/\/property-development.ch\/#website","url":"https:\/\/property-development.ch\/","name":"Property Development","description":"Hochwertige Immobilien auf Mallorca und in der Schweiz","publisher":{"@id":"https:\/\/property-development.ch\/#organization"},"potentialAction":[{"@type":"SearchAction","target":{"@type":"EntryPoint","urlTemplate":"https:\/\/property-development.ch\/?s={search_term_string}"},"query-input":{"@type":"PropertyValueSpecification","valueRequired":true,"valueName":"search_term_string"}}],"inLanguage":"en-GB"},{"@type":"Organization","@id":"https:\/\/property-development.ch\/#organization","name":"Property Development","url":"https:\/\/property-development.ch\/","logo":{"@type":"ImageObject","inLanguage":"en-GB","@id":"https:\/\/property-development.ch\/#\/schema\/logo\/image\/","url":"https:\/\/property-development.ch\/wp-content\/uploads\/2021\/04\/Logo-Property-Development-jpg.jpg","contentUrl":"https:\/\/property-development.ch\/wp-content\/uploads\/2021\/04\/Logo-Property-Development-jpg.jpg","width":1080,"height":1080,"caption":"Property Development"},"image":{"@id":"https:\/\/property-development.ch\/#\/schema\/logo\/image\/"}}]}},"_links":{"self":[{"href":"https:\/\/property-development.ch\/en\/wp-json\/wp\/v2\/pages\/180","targetHints":{"allow":["GET"]}}],"collection":[{"href":"https:\/\/property-development.ch\/en\/wp-json\/wp\/v2\/pages"}],"about":[{"href":"https:\/\/property-development.ch\/en\/wp-json\/wp\/v2\/types\/page"}],"author":[{"embeddable":true,"href":"https:\/\/property-development.ch\/en\/wp-json\/wp\/v2\/users\/2"}],"replies":[{"embeddable":true,"href":"https:\/\/property-development.ch\/en\/wp-json\/wp\/v2\/comments?post=180"}],"version-history":[{"count":20,"href":"https:\/\/property-development.ch\/en\/wp-json\/wp\/v2\/pages\/180\/revisions"}],"predecessor-version":[{"id":1404,"href":"https:\/\/property-development.ch\/en\/wp-json\/wp\/v2\/pages\/180\/revisions\/1404"}],"wp:featuredmedia":[{"embeddable":true,"href":"https:\/\/property-development.ch\/en\/wp-json\/wp\/v2\/media\/586"}],"wp:attachment":[{"href":"https:\/\/property-development.ch\/en\/wp-json\/wp\/v2\/media?parent=180"}],"curies":[{"name":"wp","href":"https:\/\/api.w.org\/{rel}","templated":true}]}}